{"id":1733,"date":"2023-04-03T14:53:58","date_gmt":"2023-04-03T14:53:58","guid":{"rendered":"https:\/\/jorgerodriguezfisioterapia.es\/legal-notice\/"},"modified":"2023-06-09T14:02:04","modified_gmt":"2023-06-09T14:02:04","slug":"legal-notice","status":"publish","type":"page","link":"https:\/\/jorgerodriguezfisioterapia.es\/en\/legal-notice\/","title":{"rendered":"Legal notice"},"content":{"rendered":"<style>\/*! elementor - v3.11.5 - 14-03-2023 *\/<br \/>.elementor-heading-title{padding:0;margin:0;line-height:1}.elementor-widget-heading .elementor-heading-title[class*=elementor-size-]>a{color:inherit;font-size:inherit;line-height:inherit}.elementor-widget-heading .elementor-heading-title.elementor-size-small{font-size:15px}.elementor-widget-heading .elementor-heading-title.elementor-size-medium{font-size:19px}.elementor-widget-heading .elementor-heading-title.elementor-size-large{font-size:29px}.elementor-widget-heading .elementor-heading-title.elementor-size-xl{font-size:39px}.elementor-widget-heading .elementor-heading-title.elementor-size-xxl{font-size:59px}<\/style>\n<h2>LEGAL NOTICE<\/h2>\n<style>\/*! elementor - v3.11.5 - 14-03-2023 *\/<br \/>.elementor-widget-progress{text-align:left}.elementor-progress-wrapper{position:relative;background-color:#eee;color:#fff;height:100%;border-radius:2px}.elementor-progress-bar{display:flex;background-color:#818a91;width:0;font-size:11px;height:30px;line-height:30px;border-radius:2px;transition:width 1s ease-in-out}.elementor-progress-text{flex-grow:1;white-space:nowrap;text-overflow:ellipsis;overflow:hidden;padding-left:15px}.elementor-progress-percentage{padding-right:15px}.elementor-widget-progress .elementor-progress-wrapper.progress-info .elementor-progress-bar{background-color:#5bc0de}.elementor-widget-progress .elementor-progress-wrapper.progress-success .elementor-progress-bar{background-color:#5cb85c}.elementor-widget-progress .elementor-progress-wrapper.progress-warning .elementor-progress-bar{background-color:#f0ad4e}.elementor-widget-progress .elementor-progress-wrapper.progress-danger .elementor-progress-bar{background-color:#d9534f}.elementor-progress .elementor-title{display:block}@media (max-width:767px){.elementor-progress-text{padding-left:10px}}.e-con-inner .elementor-progress-wrapper,.e-con .elementor-progress-wrapper{height:auto}<\/style>\n<p><strong><span>General conditions of use of the JORGE RODR\u00cdGUEZ FERN\u00c1NDEZ portal.\u00a0<\/span><\/strong><strong><span>JORGE RODR\u00cdGUEZ FERN\u00c1NDEZ<\/span><\/strong><span>\u00a0informs you that the access and use of the website\u00a0<\/span><strong><a href=\"https:\/\/jorgerodriguezfisioterapia.es\/\"><span>https:\/\/jorgerodriguezfisioterapia.es\/<\/span><\/a>\u00a0<\/strong><span>and all the subdomains and directories included under it, as well as the services or contents that can be obtained through it and all the Own domain portals under the ownership of\u00a0<\/span><strong><span>JORGE RODR\u00cdGUEZ FERN\u00c1NDEZ<\/span><\/strong><span>\u00a0, are subject to the terms detailed in this Legal Notice, without prejudice to the fact that access to any of said services or content may require the acceptance of additional particular General Conditions.<\/span><\/p>\n<p><span>Therefore, if the considerations detailed in this Legal Notice do not agree with you, please do not use the Portal, since any use made of it or of the services and contents included in it will imply acceptance of the legal terms contained in this text.<\/span><\/p>\n<p><strong><span>JORGE RODR\u00cdGUEZ FERN\u00c1NDEZ<\/span><\/strong><span>\u00a0reserves the right to make changes to the Portal\u00a0<\/span><strong><a href=\"https:\/\/jorgerodriguezfisioterapia.es\/\"><span>https:\/\/jorgerodriguezfisioterapia.es\/<\/span><\/a><\/strong><span>\u00a0and to all the web portals owned by it, without prior notice, in order to update, correct, modify, add or eliminate the contents of the Portal or its design.\u00a0The contents and services offered by the Portals are updated periodically.\u00a0Since the updating of the information is not immediate, we suggest that you always check the validity and accuracy of the information, services and content contained therein.<\/span><\/p>\n<p><span>The conditions and terms that are included in this Legal Notice may vary, so we invite you to review these terms when you visit the Portal again.<\/span><\/p>\n<p><strong><span>Intellectual property and industrial property rights<\/span><\/strong><span>\u00a0Both the design of the\u00a0<\/span><strong><span>JORGE RODR\u00cdGUEZ FERN\u00c1NDEZ<\/span><\/strong><span>\u00a0Portal and the web portals owned by it and their source codes, as well as the logos, brands, and other distinctive signs that appear on it, belong to\u00a0<\/span><strong><span>JORGE RODR\u00cdGUEZ FERN\u00c1NDEZ<\/span><\/strong><span>\u00a0and are protected by the corresponding intellectual and industrial property rights.\u00a0Likewise, the images and other content included in the JORGE RODR\u00cdGUEZ FERN\u00c1NDEZ server are protected by the corresponding intellectual and industrial property rights\u00a0<\/span><strong><span>.<\/span><\/strong><span>Its use, reproduction, distribution, public communication, transformation or any other similar or analogous activity is totally prohibited unless expressly authorized by\u00a0<\/span><strong><span>JORGE RODR\u00cdGUEZ FERN\u00c1NDEZ.\u00a0<\/span><\/strong><span>The license to use any content on this Portal granted to the user is limited to the download by the user of said content and its private use, provided that said content remains intact.<\/span><\/p>\n<p><strong><span>JORGE RODR\u00cdGUEZ FERN\u00c1NDEZ<\/span><\/strong><span>\u00a0declares his respect for the intellectual and industrial property rights of third parties;\u00a0Therefore, if he considers that this site could be violating his rights, please contact\u00a0<\/span><strong><span>JORGE RODR\u00cdGUEZ FERN\u00c1NDEZ.\u00a0<\/span><\/strong><span><strong>Privacy<\/strong>\u00a0In accordance with the General Data Protection Regulation (hereinafter, GDPR), published in May 2016,\u00a0<strong>JORGE RODR\u00cdGUEZ FERN\u00c1NDEZ<\/strong><\/span><strong>\u00a0<\/strong><span>, undertakes to comply with its obligation of secrecy with respect to personal data and the duty to treat them with confidentiality.\u00a0For these purposes, it will adopt the necessary measures to avoid its alteration, loss, treatment or unauthorized access.\u00a0The purpose of the collection and automated processing of personal data is the management, provision, expansion and improvement of the services requested at any time by the user and the follow-up of queries raised by the users.<\/span><\/p>\n<p><span>You will have the possibility to exercise the rights of access, rectification, cancellation, portability, limitation and opposition of your personal data, requesting it by certified mail.<\/span><\/p>\n<p><strong><span>JORGE RODR\u00cdGUEZ FERN\u00c1NDEZ<\/span><\/strong><span>\u00a0maintains the levels of protection of your personal data in accordance with the GDPR, regarding the security measures of automated files that contain personal data, and has established all the technical means at its disposal to avoid loss, misuse , alteration, unauthorized access and theft of the data that you provide to\u00a0<\/span><strong><span>JORGE RODR\u00cdGUEZ FERN\u00c1NDEZ<\/span><\/strong><span>\u00a0, without prejudice to the fact that Internet security measures are not impregnable.<\/span><\/p>\n<p><strong><span>JORGE RODR\u00cdGUEZ FERN\u00c1NDEZ<\/span><\/strong><span>\u00a0reserves the right to modify this Privacy Policy to adapt it to new legislation, jurisprudence or interpretation of the Spanish Agency for Data Protection.\u00a0In this case,\u00a0<\/span><strong><span>JORGE RODR\u00cdGUEZ FERN\u00c1NDEZ<\/span><\/strong><span>\u00a0will announce said changes, clearly indicating and in due time the modifications made, and requesting, if necessary, your acceptance of said changes.<\/span><\/p>\n<p><strong><span>Applicable law and jurisdiction<\/span><\/strong><span>\u00a0The applicable law in case of dispute or conflict of interpretation of the terms that make up this Legal Notice, as well as any matter related to the services of this Portal, will be Spanish law.\u00a0For the resolution of any conflict that may arise when visiting the Portal or using the services that may be offered therein,\u00a0<\/span><strong><span>JORGE RODR\u00cdGUEZ FERN\u00c1NDEZ<\/span><\/strong><span>\u00a0and the User agree to submit to the Judges and Courts of the User&#8217;s domicile, provided that the It is located in Spanish territory.<\/span><\/p>\n<p><strong><span>Frames\u00a0<\/span><\/strong><strong><span>JORGE RODR\u00cdGUEZ FERN\u00c1NDEZ<\/span><\/strong><span>\u00a0expressly prohibits &#8220;framming&#8221; or the use by third parties of any other mechanisms that alter the design, original configuration or contents of its portal or portals under its ownership.<\/span><\/p>\n<p><strong><span>Protection measures against abusive or robotized use\u00a0<\/span><\/strong><strong><span>JORGE RODR\u00cdGUEZ FERN\u00c1NDEZ<\/span><\/strong><span>\u00a0reserves the right to make technical changes to the Portal\u00a0<\/span><strong><a href=\"https:\/\/jorgerodriguezfisioterapia.es\/\"><span>https:\/\/jorgerodriguezfisioterapia.es\/<\/span><\/a><\/strong><span>\u00a0and to all the web portals owned by him without prior notice, in order to preserve the availability of the same in the event of abusive manual or robotic use of access to it.<\/span><\/p>\n<p><strong><span>Usage statistics\u00a0<\/span><\/strong><strong><span>JORGE RODR\u00cdGUEZ FERN\u00c1NDEZ<\/span><\/strong><span>\u00a0reports the use of Google Analytics on this portal.<\/span><\/p>\n","protected":false},"excerpt":{"rendered":"<p>LEGAL NOTICE General conditions of use of the JORGE RODR\u00cdGUEZ FERN\u00c1NDEZ portal.\u00a0JORGE RODR\u00cdGUEZ FERN\u00c1NDEZ\u00a0informs you that the access and use of the website\u00a0https:\/\/jorgerodriguezfisioterapia.es\/\u00a0and all the subdomains and directories included under&#8230;<\/p>\n","protected":false},"author":2,"featured_media":0,"parent":0,"menu_order":0,"comment_status":"closed","ping_status":"closed","template":"","meta":{"footnotes":""},"class_list":["post-1733","page","type-page","status-publish"],"yoast_head":"<!-- This site is optimized with the Yoast SEO plugin v27.3 - https:\/\/yoast.com\/product\/yoast-seo-wordpress\/ -->\n<title>Legal notice - Fisioterapia en Almer\u00eda | Jorge Rodriguez<\/title>\n<meta name=\"robots\" content=\"index, follow, max-snippet:-1, max-image-preview:large, max-video-preview:-1\" \/>\n<link rel=\"canonical\" href=\"https:\/\/jorgerodriguezfisioterapia.es\/en\/legal-notice\/\" \/>\n<meta property=\"og:locale\" content=\"en_US\" \/>\n<meta property=\"og:type\" content=\"article\" \/>\n<meta property=\"og:title\" content=\"Legal notice - Fisioterapia en Almer\u00eda | Jorge Rodriguez\" \/>\n<meta property=\"og:description\" content=\"LEGAL NOTICE General conditions of use of the JORGE RODR\u00cdGUEZ FERN\u00c1NDEZ portal.\u00a0JORGE RODR\u00cdGUEZ FERN\u00c1NDEZ\u00a0informs you that the access and use of the website\u00a0https:\/\/jorgerodriguezfisioterapia.es\/\u00a0and all the subdomains and directories included under...\" \/>\n<meta property=\"og:url\" content=\"https:\/\/jorgerodriguezfisioterapia.es\/en\/legal-notice\/\" \/>\n<meta property=\"og:site_name\" content=\"Fisioterapia en Almer\u00eda | Jorge Rodriguez\" \/>\n<meta property=\"article:modified_time\" content=\"2023-06-09T14:02:04+00:00\" \/>\n<meta name=\"twitter:card\" content=\"summary_large_image\" \/>\n<meta name=\"twitter:label1\" content=\"Est. reading time\" \/>\n\t<meta name=\"twitter:data1\" content=\"4 minutes\" \/>\n<script type=\"application\/ld+json\" class=\"yoast-schema-graph\">{\"@context\":\"https:\\\/\\\/schema.org\",\"@graph\":[{\"@type\":\"WebPage\",\"@id\":\"https:\\\/\\\/jorgerodriguezfisioterapia.es\\\/en\\\/legal-notice\\\/\",\"url\":\"https:\\\/\\\/jorgerodriguezfisioterapia.es\\\/en\\\/legal-notice\\\/\",\"name\":\"Legal notice - Fisioterapia en Almer\u00eda | Jorge Rodriguez\",\"isPartOf\":{\"@id\":\"https:\\\/\\\/jorgerodriguezfisioterapia.es\\\/#website\"},\"datePublished\":\"2023-04-03T14:53:58+00:00\",\"dateModified\":\"2023-06-09T14:02:04+00:00\",\"breadcrumb\":{\"@id\":\"https:\\\/\\\/jorgerodriguezfisioterapia.es\\\/en\\\/legal-notice\\\/#breadcrumb\"},\"inLanguage\":\"en-US\",\"potentialAction\":[{\"@type\":\"ReadAction\",\"target\":[\"https:\\\/\\\/jorgerodriguezfisioterapia.es\\\/en\\\/legal-notice\\\/\"]}]},{\"@type\":\"BreadcrumbList\",\"@id\":\"https:\\\/\\\/jorgerodriguezfisioterapia.es\\\/en\\\/legal-notice\\\/#breadcrumb\",\"itemListElement\":[{\"@type\":\"ListItem\",\"position\":1,\"name\":\"Portada\",\"item\":\"https:\\\/\\\/jorgerodriguezfisioterapia.es\\\/\"},{\"@type\":\"ListItem\",\"position\":2,\"name\":\"Legal notice\"}]},{\"@type\":\"WebSite\",\"@id\":\"https:\\\/\\\/jorgerodriguezfisioterapia.es\\\/#website\",\"url\":\"https:\\\/\\\/jorgerodriguezfisioterapia.es\\\/\",\"name\":\"Fisioterapia en Almer\u00eda | Jorge Rodriguez\",\"description\":\"Fisioterapeuta &amp; Readaptaci\u00f3n Deportiva\",\"publisher\":{\"@id\":\"https:\\\/\\\/jorgerodriguezfisioterapia.es\\\/#organization\"},\"potentialAction\":[{\"@type\":\"SearchAction\",\"target\":{\"@type\":\"EntryPoint\",\"urlTemplate\":\"https:\\\/\\\/jorgerodriguezfisioterapia.es\\\/?s={search_term_string}\"},\"query-input\":{\"@type\":\"PropertyValueSpecification\",\"valueRequired\":true,\"valueName\":\"search_term_string\"}}],\"inLanguage\":\"en-US\"},{\"@type\":\"Organization\",\"@id\":\"https:\\\/\\\/jorgerodriguezfisioterapia.es\\\/#organization\",\"name\":\"Fisioterapia en Almer\u00eda | Jorge Rodriguez\",\"url\":\"https:\\\/\\\/jorgerodriguezfisioterapia.es\\\/\",\"logo\":{\"@type\":\"ImageObject\",\"inLanguage\":\"en-US\",\"@id\":\"https:\\\/\\\/jorgerodriguezfisioterapia.es\\\/#\\\/schema\\\/logo\\\/image\\\/\",\"url\":\"https:\\\/\\\/jorgerodriguezfisioterapia.es\\\/wp-content\\\/uploads\\\/2023\\\/06\\\/LOGO_Jorge_Fisio.png\",\"contentUrl\":\"https:\\\/\\\/jorgerodriguezfisioterapia.es\\\/wp-content\\\/uploads\\\/2023\\\/06\\\/LOGO_Jorge_Fisio.png\",\"width\":4035,\"height\":2302,\"caption\":\"Fisioterapia en Almer\u00eda | Jorge Rodriguez\"},\"image\":{\"@id\":\"https:\\\/\\\/jorgerodriguezfisioterapia.es\\\/#\\\/schema\\\/logo\\\/image\\\/\"}}]}<\/script>\n<!-- \/ Yoast SEO plugin. -->","yoast_head_json":{"title":"Legal notice - Fisioterapia en Almer\u00eda | Jorge Rodriguez","robots":{"index":"index","follow":"follow","max-snippet":"max-snippet:-1","max-image-preview":"max-image-preview:large","max-video-preview":"max-video-preview:-1"},"canonical":"https:\/\/jorgerodriguezfisioterapia.es\/en\/legal-notice\/","og_locale":"en_US","og_type":"article","og_title":"Legal notice - Fisioterapia en Almer\u00eda | Jorge Rodriguez","og_description":"LEGAL NOTICE General conditions of use of the JORGE RODR\u00cdGUEZ FERN\u00c1NDEZ portal.\u00a0JORGE RODR\u00cdGUEZ FERN\u00c1NDEZ\u00a0informs you that the access and use of the website\u00a0https:\/\/jorgerodriguezfisioterapia.es\/\u00a0and all the subdomains and directories included under...","og_url":"https:\/\/jorgerodriguezfisioterapia.es\/en\/legal-notice\/","og_site_name":"Fisioterapia en Almer\u00eda | Jorge Rodriguez","article_modified_time":"2023-06-09T14:02:04+00:00","twitter_card":"summary_large_image","twitter_misc":{"Est. reading time":"4 minutes"},"schema":{"@context":"https:\/\/schema.org","@graph":[{"@type":"WebPage","@id":"https:\/\/jorgerodriguezfisioterapia.es\/en\/legal-notice\/","url":"https:\/\/jorgerodriguezfisioterapia.es\/en\/legal-notice\/","name":"Legal notice - Fisioterapia en Almer\u00eda | Jorge Rodriguez","isPartOf":{"@id":"https:\/\/jorgerodriguezfisioterapia.es\/#website"},"datePublished":"2023-04-03T14:53:58+00:00","dateModified":"2023-06-09T14:02:04+00:00","breadcrumb":{"@id":"https:\/\/jorgerodriguezfisioterapia.es\/en\/legal-notice\/#breadcrumb"},"inLanguage":"en-US","potentialAction":[{"@type":"ReadAction","target":["https:\/\/jorgerodriguezfisioterapia.es\/en\/legal-notice\/"]}]},{"@type":"BreadcrumbList","@id":"https:\/\/jorgerodriguezfisioterapia.es\/en\/legal-notice\/#breadcrumb","itemListElement":[{"@type":"ListItem","position":1,"name":"Portada","item":"https:\/\/jorgerodriguezfisioterapia.es\/"},{"@type":"ListItem","position":2,"name":"Legal notice"}]},{"@type":"WebSite","@id":"https:\/\/jorgerodriguezfisioterapia.es\/#website","url":"https:\/\/jorgerodriguezfisioterapia.es\/","name":"Fisioterapia en Almer\u00eda | Jorge Rodriguez","description":"Fisioterapeuta &amp; Readaptaci\u00f3n Deportiva","publisher":{"@id":"https:\/\/jorgerodriguezfisioterapia.es\/#organization"},"potentialAction":[{"@type":"SearchAction","target":{"@type":"EntryPoint","urlTemplate":"https:\/\/jorgerodriguezfisioterapia.es\/?s={search_term_string}"},"query-input":{"@type":"PropertyValueSpecification","valueRequired":true,"valueName":"search_term_string"}}],"inLanguage":"en-US"},{"@type":"Organization","@id":"https:\/\/jorgerodriguezfisioterapia.es\/#organization","name":"Fisioterapia en Almer\u00eda | Jorge Rodriguez","url":"https:\/\/jorgerodriguezfisioterapia.es\/","logo":{"@type":"ImageObject","inLanguage":"en-US","@id":"https:\/\/jorgerodriguezfisioterapia.es\/#\/schema\/logo\/image\/","url":"https:\/\/jorgerodriguezfisioterapia.es\/wp-content\/uploads\/2023\/06\/LOGO_Jorge_Fisio.png","contentUrl":"https:\/\/jorgerodriguezfisioterapia.es\/wp-content\/uploads\/2023\/06\/LOGO_Jorge_Fisio.png","width":4035,"height":2302,"caption":"Fisioterapia en Almer\u00eda | Jorge Rodriguez"},"image":{"@id":"https:\/\/jorgerodriguezfisioterapia.es\/#\/schema\/logo\/image\/"}}]}},"_links":{"self":[{"href":"https:\/\/jorgerodriguezfisioterapia.es\/en\/wp-json\/wp\/v2\/pages\/1733","targetHints":{"allow":["GET"]}}],"collection":[{"href":"https:\/\/jorgerodriguezfisioterapia.es\/en\/wp-json\/wp\/v2\/pages"}],"about":[{"href":"https:\/\/jorgerodriguezfisioterapia.es\/en\/wp-json\/wp\/v2\/types\/page"}],"author":[{"embeddable":true,"href":"https:\/\/jorgerodriguezfisioterapia.es\/en\/wp-json\/wp\/v2\/users\/2"}],"replies":[{"embeddable":true,"href":"https:\/\/jorgerodriguezfisioterapia.es\/en\/wp-json\/wp\/v2\/comments?post=1733"}],"version-history":[{"count":2,"href":"https:\/\/jorgerodriguezfisioterapia.es\/en\/wp-json\/wp\/v2\/pages\/1733\/revisions"}],"predecessor-version":[{"id":1757,"href":"https:\/\/jorgerodriguezfisioterapia.es\/en\/wp-json\/wp\/v2\/pages\/1733\/revisions\/1757"}],"wp:attachment":[{"href":"https:\/\/jorgerodriguezfisioterapia.es\/en\/wp-json\/wp\/v2\/media?parent=1733"}],"curies":[{"name":"wp","href":"https:\/\/api.w.org\/{rel}","templated":true}]}}